{"id":31,"date":"2024-03-26T07:38:01","date_gmt":"2024-03-26T06:38:01","guid":{"rendered":"https:\/\/www.nsfwpr.com\/?page_id=31"},"modified":"2026-02-23T12:15:52","modified_gmt":"2026-02-23T11:15:52","slug":"kontakt","status":"publish","type":"page","link":"https:\/\/www.nsfwpr.com\/en\/kontakt\/","title":{"rendered":"Contact us"},"content":{"rendered":"\t\t<div data-elementor-type=\"wp-page\" data-elementor-id=\"31\" class=\"elementor elementor-31\" data-elementor-post-type=\"page\">\n\t\t\t\t<div class=\"elementor-element elementor-element-37854fd5 hero e-flex e-con-boxed e-con e-parent\" data-id=\"37854fd5\" data-element_type=\"container\" data-e-type=\"container\">\n\t\t\t\t\t<div class=\"e-con-inner\">\n\t\t<div class=\"elementor-element elementor-element-7779dae7 e-flex e-con-boxed e-con e-child\" data-id=\"7779dae7\" data-element_type=\"container\" data-e-type=\"container\">\n\t\t\t\t\t<div class=\"e-con-inner\">\n\t\t\t\t<div class=\"elementor-element elementor-element-3f3fe812 elementor-widget elementor-widget-heading\" data-id=\"3f3fe812\" data-element_type=\"widget\" data-e-type=\"widget\" data-widget_type=\"heading.default\">\n\t\t\t\t<div class=\"elementor-widget-container\">\n\t\t\t\t\t<h1 class=\"elementor-heading-title elementor-size-default\">Kontakt<\/h1>\t\t\t\t<\/div>\n\t\t\t\t<\/div>\n\t\t\t\t\t<\/div>\n\t\t\t\t<\/div>\n\t\t<div class=\"elementor-element elementor-element-93b1f75 e-flex e-con-boxed e-con e-child\" data-id=\"93b1f75\" data-element_type=\"container\" data-e-type=\"container\">\n\t\t\t\t\t<div class=\"e-con-inner\">\n\t\t\t\t<div class=\"elementor-element elementor-element-7ec7815c elementor-widget elementor-widget-text-editor\" data-id=\"7ec7815c\" data-element_type=\"widget\" data-e-type=\"widget\" data-widget_type=\"text-editor.default\">\n\t\t\t\t<div class=\"elementor-widget-container\">\n\t\t\t\t\t\t\t\t\t<p>Gerne unterst\u00fctzen wir dich bei der digitalen Pressearbeit. <br \/>Kontaktiere uns per Formular. Mit dem Absenden des Kontaktformulars erkl\u00e4rst du dich einverstanden mit unserer <a href=\"https:\/\/www.nsfwpr.com\/privacy-policy\/\">Datenschutzerkl\u00e4rung<\/a>.<\/p>\t\t\t\t\t\t\t\t<\/div>\n\t\t\t\t<\/div>\n\t\t\t\t\t<\/div>\n\t\t\t\t<\/div>\n\t\t\t\t\t<\/div>\n\t\t\t\t<\/div>\n\t\t<div class=\"elementor-element elementor-element-43aa6a6 e-flex e-con-boxed e-con e-parent\" data-id=\"43aa6a6\" data-element_type=\"container\" data-e-type=\"container\">\n\t\t\t\t\t<div class=\"e-con-inner\">\n\t\t\t\t<div class=\"elementor-element elementor-element-0196096 elementor-widget elementor-widget-wpforms\" data-id=\"0196096\" data-element_type=\"widget\" data-e-type=\"widget\" data-widget_type=\"wpforms.default\">\n\t\t\t\t<div class=\"elementor-widget-container\">\n\t\t\t\t\t<style id=\"wpforms-css-vars-elementor-widget-0196096\">\n\t\t\t\t.elementor-widget-wpforms.elementor-element-0196096 {\n\t\t\t\t--wpforms-field-text-color: #000000;\n--wpforms-label-color: #FFFFFF;\n--wpforms-label-error-color: #7B6DA5;\n--wpforms-button-border-radius: 7px;\n--wpforms-button-background-color: #FFFFFF;\n--wpforms-button-text-color: #000000;\n--wpforms-label-sublabel-color: #FFFFFF;\n--wpforms-field-size-input-height: 50px;\n--wpforms-field-size-input-spacing: 20px;\n--wpforms-field-size-font-size: 18px;\n--wpforms-field-size-line-height: 21px;\n--wpforms-field-size-padding-h: 14px;\n--wpforms-field-size-checkbox-size: 18px;\n--wpforms-field-size-sublabel-spacing: 10px;\n--wpforms-field-size-icon-size: 1.25;\n\t\t\t}\n\t\t\t<\/style><div class=\"wpforms-container wpforms-container-full wpforms-render-modern\" id=\"wpforms-179\"><form id=\"wpforms-form-179\" class=\"wpforms-validate wpforms-form wpforms-ajax-form\" data-formid=\"179\" method=\"post\" enctype=\"multipart\/form-data\" action=\"\/en\/wp-json\/wp\/v2\/pages\/31\" data-token=\"ba3a91338a0835696940f5cb60eaf9de\" data-token-time=\"1776288862\"><noscript class=\"wpforms-error-noscript\">Please enable JavaScript in your browser to complete this form.<\/noscript><div id=\"wpforms-error-noscript\" style=\"display: none;\">Please enable JavaScript in your browser to complete this form.<\/div><div class=\"wpforms-field-container\"><div id=\"wpforms-179-field_0-container\" class=\"wpforms-field wpforms-field-name\" data-field-id=\"0\"><fieldset><legend class=\"wpforms-field-label\">Name <span class=\"wpforms-required-label\" aria-hidden=\"true\">*<\/span><\/legend><div class=\"wpforms-field-row wpforms-field-large\"><div class=\"wpforms-field-row-block wpforms-first wpforms-one-half\"><input type=\"text\" id=\"wpforms-179-field_0\" class=\"wpforms-field-name-first wpforms-field-required\" name=\"wpforms[fields][0][first]\" aria-errormessage=\"wpforms-179-field_0-error\" required><label for=\"wpforms-179-field_0\" class=\"wpforms-field-sublabel after\">First<\/label><\/div><div class=\"wpforms-field-row-block wpforms-one-half\"><input type=\"text\" id=\"wpforms-179-field_0-last\" class=\"wpforms-field-name-last wpforms-field-required\" name=\"wpforms[fields][0][last]\" aria-errormessage=\"wpforms-179-field_0-last-error\" required><label for=\"wpforms-179-field_0-last\" class=\"wpforms-field-sublabel after\">Last<\/label><\/div><\/div><\/fieldset><\/div><div id=\"wpforms-179-field_1-container\" class=\"wpforms-field wpforms-field-email\" data-field-id=\"1\"><label class=\"wpforms-field-label\" for=\"wpforms-179-field_1\">Email <span class=\"wpforms-required-label\" aria-hidden=\"true\">*<\/span><\/label><input type=\"email\" id=\"wpforms-179-field_1\" class=\"wpforms-field-large wpforms-field-required\" name=\"wpforms[fields][1]\" spellcheck=\"false\" aria-errormessage=\"wpforms-179-field_1-error\" required><\/div><div id=\"wpforms-179-field_2-container\" class=\"wpforms-field wpforms-field-textarea\" data-field-id=\"2\"><label class=\"wpforms-field-label\" for=\"wpforms-179-field_2\">Comment or Message<\/label><textarea id=\"wpforms-179-field_2\" class=\"wpforms-field-medium\" name=\"wpforms[fields][2]\" aria-errormessage=\"wpforms-179-field_2-error\" ><\/textarea><\/div><\/div><!-- .wpforms-field-container --><div class=\"wpforms-submit-container\" ><input type=\"hidden\" name=\"wpforms[id]\" value=\"179\"><input type=\"hidden\" name=\"page_title\" value=\"\"><input type=\"hidden\" name=\"page_url\" value=\"https:\/\/www.nsfwpr.com\/en\/wp-json\/wp\/v2\/pages\/31\"><input type=\"hidden\" name=\"url_referer\" value=\"\"><button type=\"submit\" name=\"wpforms[submit]\" id=\"wpforms-submit-179\" class=\"wpforms-submit\" data-alt-text=\"Sending...\" data-submit-text=\"Submit\" aria-live=\"assertive\" value=\"wpforms-submit\">Submit<\/button><img decoding=\"async\" src=\"https:\/\/www.nsfwpr.com\/wp-content\/plugins\/wpforms-lite\/assets\/images\/submit-spin.svg\" class=\"wpforms-submit-spinner\" style=\"display: none;\" width=\"26\" height=\"26\" alt=\"Loading\"><\/div><\/form><\/div>  <!-- .wpforms-container -->\t\t\t\t<\/div>\n\t\t\t\t<\/div>\n\t\t\t\t\t<\/div>\n\t\t\t\t<\/div>\n\t\t\t\t<\/div>\n\t\t","protected":false},"excerpt":{"rendered":"<p>Kontakt Gerne unterst\u00fctzen wir dich bei der digitalen Pressearbeit. Kontaktiere uns per Formular. Mit dem Absenden des Kontaktformulars erkl\u00e4rst du dich einverstanden mit unserer Datenschutzerkl\u00e4rung. Bitte aktiviere JavaScript in deinem Browser, um dieses Formular fertigzustellen.Bitte aktiviere JavaScript in deinem Browser, um dieses Formular fertigzustellen. Name * VornameNachname Email *Comment or Message Submit<\/p>","protected":false},"author":1,"featured_media":0,"parent":0,"menu_order":0,"comment_status":"closed","ping_status":"closed","template":"","meta":{"inline_featured_image":false,"footnotes":""},"class_list":["post-31","page","type-page","status-publish","hentry"],"yoast_head":"<!-- This site is optimized with the Yoast SEO plugin v27.0 - https:\/\/yoast.com\/product\/yoast-seo-wordpress\/ -->\n<title>Kontakt - NSFW Pr<\/title>\n<meta name=\"robots\" content=\"index, follow, max-snippet:-1, max-image-preview:large, max-video-preview:-1\" \/>\n<link rel=\"canonical\" href=\"https:\/\/www.nsfwpr.com\/en\/kontakt\/\" \/>\n<meta property=\"og:locale\" content=\"en_GB\" \/>\n<meta property=\"og:type\" content=\"article\" \/>\n<meta property=\"og:title\" content=\"Kontakt - NSFW Pr\" \/>\n<meta property=\"og:description\" content=\"Kontakt Gerne unterst\u00fctzen wir dich bei der digitalen Pressearbeit. Kontaktiere uns per Formular. Mit dem Absenden des Kontaktformulars erkl\u00e4rst du dich einverstanden mit unserer Datenschutzerkl\u00e4rung. Bitte aktiviere JavaScript in deinem Browser, um dieses Formular fertigzustellen.Bitte aktiviere JavaScript in deinem Browser, um dieses Formular fertigzustellen. Name * VornameNachname Email *Comment or Message Submit\" \/>\n<meta property=\"og:url\" content=\"https:\/\/www.nsfwpr.com\/en\/kontakt\/\" \/>\n<meta property=\"og:site_name\" content=\"NSFW Pr\" \/>\n<meta property=\"article:modified_time\" content=\"2026-02-23T11:15:52+00:00\" \/>\n<meta property=\"og:image\" content=\"https:\/\/www.nsfwpr.com\/wp-content\/plugins\/wpforms-lite\/assets\/images\/submit-spin.svg\" \/>\n<meta name=\"twitter:card\" content=\"summary_large_image\" \/>\n<meta name=\"twitter:label1\" content=\"Estimated reading time\" \/>\n\t<meta name=\"twitter:data1\" content=\"1 minute\" \/>\n<script type=\"application\/ld+json\" class=\"yoast-schema-graph\">{\"@context\":\"https:\/\/schema.org\",\"@graph\":[{\"@type\":\"WebPage\",\"@id\":\"https:\/\/www.nsfwpr.com\/kontakt\/\",\"url\":\"https:\/\/www.nsfwpr.com\/kontakt\/\",\"name\":\"Kontakt - NSFW Pr\",\"isPartOf\":{\"@id\":\"https:\/\/www.nsfwpr.com\/#website\"},\"primaryImageOfPage\":{\"@id\":\"https:\/\/www.nsfwpr.com\/kontakt\/#primaryimage\"},\"image\":{\"@id\":\"https:\/\/www.nsfwpr.com\/kontakt\/#primaryimage\"},\"thumbnailUrl\":\"https:\/\/www.nsfwpr.com\/wp-content\/plugins\/wpforms-lite\/assets\/images\/submit-spin.svg\",\"datePublished\":\"2024-03-26T06:38:01+00:00\",\"dateModified\":\"2026-02-23T11:15:52+00:00\",\"breadcrumb\":{\"@id\":\"https:\/\/www.nsfwpr.com\/kontakt\/#breadcrumb\"},\"inLanguage\":\"en-GB\",\"potentialAction\":[{\"@type\":\"ReadAction\",\"target\":[\"https:\/\/www.nsfwpr.com\/kontakt\/\"]}]},{\"@type\":\"ImageObject\",\"inLanguage\":\"en-GB\",\"@id\":\"https:\/\/www.nsfwpr.com\/kontakt\/#primaryimage\",\"url\":\"https:\/\/www.nsfwpr.com\/wp-content\/plugins\/wpforms-lite\/assets\/images\/submit-spin.svg\",\"contentUrl\":\"https:\/\/www.nsfwpr.com\/wp-content\/plugins\/wpforms-lite\/assets\/images\/submit-spin.svg\"},{\"@type\":\"BreadcrumbList\",\"@id\":\"https:\/\/www.nsfwpr.com\/kontakt\/#breadcrumb\",\"itemListElement\":[{\"@type\":\"ListItem\",\"position\":1,\"name\":\"Kezd\u0151lap\",\"item\":\"https:\/\/www.nsfwpr.com\/\"},{\"@type\":\"ListItem\",\"position\":2,\"name\":\"Kontakt\"}]},{\"@type\":\"WebSite\",\"@id\":\"https:\/\/www.nsfwpr.com\/#website\",\"url\":\"https:\/\/www.nsfwpr.com\/\",\"name\":\"Digital PR\",\"description\":\"\",\"publisher\":{\"@id\":\"https:\/\/www.nsfwpr.com\/#organization\"},\"potentialAction\":[{\"@type\":\"SearchAction\",\"target\":{\"@type\":\"EntryPoint\",\"urlTemplate\":\"https:\/\/www.nsfwpr.com\/?s={search_term_string}\"},\"query-input\":{\"@type\":\"PropertyValueSpecification\",\"valueRequired\":true,\"valueName\":\"search_term_string\"}}],\"inLanguage\":\"en-GB\"},{\"@type\":\"Organization\",\"@id\":\"https:\/\/www.nsfwpr.com\/#organization\",\"name\":\"Digitalpr\",\"url\":\"https:\/\/www.nsfwpr.com\/\",\"logo\":{\"@type\":\"ImageObject\",\"inLanguage\":\"en-GB\",\"@id\":\"https:\/\/www.nsfwpr.com\/#\/schema\/logo\/image\/\",\"url\":\"https:\/\/www.nsfwpr.com\/wp-content\/uploads\/2024\/03\/digitalpr-logo-black.webp\",\"contentUrl\":\"https:\/\/www.nsfwpr.com\/wp-content\/uploads\/2024\/03\/digitalpr-logo-black.webp\",\"width\":1200,\"height\":1200,\"caption\":\"Digitalpr\"},\"image\":{\"@id\":\"https:\/\/www.nsfwpr.com\/#\/schema\/logo\/image\/\"},\"sameAs\":[\"https:\/\/www.linkedin.com\/company\/digitalpreu\/\"]}]}<\/script>\n<!-- \/ Yoast SEO plugin. -->","yoast_head_json":{"title":"Kontakt - NSFW Pr","robots":{"index":"index","follow":"follow","max-snippet":"max-snippet:-1","max-image-preview":"max-image-preview:large","max-video-preview":"max-video-preview:-1"},"canonical":"https:\/\/www.nsfwpr.com\/en\/kontakt\/","og_locale":"en_GB","og_type":"article","og_title":"Kontakt - NSFW Pr","og_description":"Kontakt Gerne unterst\u00fctzen wir dich bei der digitalen Pressearbeit. Kontaktiere uns per Formular. Mit dem Absenden des Kontaktformulars erkl\u00e4rst du dich einverstanden mit unserer Datenschutzerkl\u00e4rung. Bitte aktiviere JavaScript in deinem Browser, um dieses Formular fertigzustellen.Bitte aktiviere JavaScript in deinem Browser, um dieses Formular fertigzustellen. Name * VornameNachname Email *Comment or Message Submit","og_url":"https:\/\/www.nsfwpr.com\/en\/kontakt\/","og_site_name":"NSFW Pr","article_modified_time":"2026-02-23T11:15:52+00:00","og_image":[{"url":"https:\/\/www.nsfwpr.com\/wp-content\/plugins\/wpforms-lite\/assets\/images\/submit-spin.svg","type":"","width":"","height":""}],"twitter_card":"summary_large_image","twitter_misc":{"Estimated reading time":"1 minute"},"schema":{"@context":"https:\/\/schema.org","@graph":[{"@type":"WebPage","@id":"https:\/\/www.nsfwpr.com\/kontakt\/","url":"https:\/\/www.nsfwpr.com\/kontakt\/","name":"Kontakt - NSFW Pr","isPartOf":{"@id":"https:\/\/www.nsfwpr.com\/#website"},"primaryImageOfPage":{"@id":"https:\/\/www.nsfwpr.com\/kontakt\/#primaryimage"},"image":{"@id":"https:\/\/www.nsfwpr.com\/kontakt\/#primaryimage"},"thumbnailUrl":"https:\/\/www.nsfwpr.com\/wp-content\/plugins\/wpforms-lite\/assets\/images\/submit-spin.svg","datePublished":"2024-03-26T06:38:01+00:00","dateModified":"2026-02-23T11:15:52+00:00","breadcrumb":{"@id":"https:\/\/www.nsfwpr.com\/kontakt\/#breadcrumb"},"inLanguage":"en-GB","potentialAction":[{"@type":"ReadAction","target":["https:\/\/www.nsfwpr.com\/kontakt\/"]}]},{"@type":"ImageObject","inLanguage":"en-GB","@id":"https:\/\/www.nsfwpr.com\/kontakt\/#primaryimage","url":"https:\/\/www.nsfwpr.com\/wp-content\/plugins\/wpforms-lite\/assets\/images\/submit-spin.svg","contentUrl":"https:\/\/www.nsfwpr.com\/wp-content\/plugins\/wpforms-lite\/assets\/images\/submit-spin.svg"},{"@type":"BreadcrumbList","@id":"https:\/\/www.nsfwpr.com\/kontakt\/#breadcrumb","itemListElement":[{"@type":"ListItem","position":1,"name":"Kezd\u0151lap","item":"https:\/\/www.nsfwpr.com\/"},{"@type":"ListItem","position":2,"name":"Kontakt"}]},{"@type":"WebSite","@id":"https:\/\/www.nsfwpr.com\/#website","url":"https:\/\/www.nsfwpr.com\/","name":"Digital PR","description":"","publisher":{"@id":"https:\/\/www.nsfwpr.com\/#organization"},"potentialAction":[{"@type":"SearchAction","target":{"@type":"EntryPoint","urlTemplate":"https:\/\/www.nsfwpr.com\/?s={search_term_string}"},"query-input":{"@type":"PropertyValueSpecification","valueRequired":true,"valueName":"search_term_string"}}],"inLanguage":"en-GB"},{"@type":"Organization","@id":"https:\/\/www.nsfwpr.com\/#organization","name":"Digitalpr","url":"https:\/\/www.nsfwpr.com\/","logo":{"@type":"ImageObject","inLanguage":"en-GB","@id":"https:\/\/www.nsfwpr.com\/#\/schema\/logo\/image\/","url":"https:\/\/www.nsfwpr.com\/wp-content\/uploads\/2024\/03\/digitalpr-logo-black.webp","contentUrl":"https:\/\/www.nsfwpr.com\/wp-content\/uploads\/2024\/03\/digitalpr-logo-black.webp","width":1200,"height":1200,"caption":"Digitalpr"},"image":{"@id":"https:\/\/www.nsfwpr.com\/#\/schema\/logo\/image\/"},"sameAs":["https:\/\/www.linkedin.com\/company\/digitalpreu\/"]}]}},"_links":{"self":[{"href":"https:\/\/www.nsfwpr.com\/en\/wp-json\/wp\/v2\/pages\/31","targetHints":{"allow":["GET"]}}],"collection":[{"href":"https:\/\/www.nsfwpr.com\/en\/wp-json\/wp\/v2\/pages"}],"about":[{"href":"https:\/\/www.nsfwpr.com\/en\/wp-json\/wp\/v2\/types\/page"}],"author":[{"embeddable":true,"href":"https:\/\/www.nsfwpr.com\/en\/wp-json\/wp\/v2\/users\/1"}],"replies":[{"embeddable":true,"href":"https:\/\/www.nsfwpr.com\/en\/wp-json\/wp\/v2\/comments?post=31"}],"version-history":[{"count":43,"href":"https:\/\/www.nsfwpr.com\/en\/wp-json\/wp\/v2\/pages\/31\/revisions"}],"predecessor-version":[{"id":960,"href":"https:\/\/www.nsfwpr.com\/en\/wp-json\/wp\/v2\/pages\/31\/revisions\/960"}],"wp:attachment":[{"href":"https:\/\/www.nsfwpr.com\/en\/wp-json\/wp\/v2\/media?parent=31"}],"curies":[{"name":"wp","href":"https:\/\/api.w.org\/{rel}","templated":true}]}}